{"id":2003,"date":"2008-12-20T15:37:59","date_gmt":"2008-12-20T14:37:59","guid":{"rendered":"http:\/\/blog.causeur.fr\/antidote\/a-propos\/"},"modified":"2016-09-08T19:15:43","modified_gmt":"2016-09-08T17:15:43","slug":"a-propos","status":"publish","type":"page","link":"https:\/\/blog.causeur.fr\/antidote\/a-propos","title":{"rendered":"\u00c0 propos"},"content":{"rendered":"<p>Je m&rsquo;appelle David Desgouilles, j&rsquo;ai 40 ans. Entre 1988 et 2002, j&rsquo;ai milit\u00e9 dans la mouvance r\u00e9publicaine et gaulliste notamment autour de Philippe S\u00e9guin, Charles Pasqua et Jean-Pierre Chev\u00e8nement. Je me tiens aujourd&rsquo;hui \u00e9loign\u00e9 de la politique \u00ab\u00a0op\u00e9rationnelle\u00a0\u00bb.<\/p>\n<p>Depuis le 24 d\u00e9cembre 2008, Causeur.fr m&rsquo;invite \u00e0 \u00e9crire dans un carnet politique \u00e0 la suite du blog que je\u00a0 tenais sur rmc.fr. Toutes mes chroniques ont donc d\u00e9m\u00e9nag\u00e9 avec moi dans Antidote.<\/p>\n<p>Pourquoi Antidote ? Il s&rsquo;agit d&rsquo;un clin d&rsquo;oeil \u00e0 un Ami longtemps au service des trois hommes politiques cit\u00e9s plus haut . Celui qui fut mon mentor travaille la vigne aujourd&rsquo;hui pr\u00e8s de Toulon et sa premi\u00e8re cuv\u00e9e prit le nom d&rsquo;Antidote car par\u00e9e de la vertu de lutter contre les poisons quotidiens. Puisse mon carnet politique y r\u00e9ussir de la m\u00eame mani\u00e8re.<\/p>\n<p>Depuis juin 2015, je suis romancier. J&rsquo;ai publi\u00e9 \u00ab\u00a0Le bruit de la douche\u00a0\u00bb aux Editions Michalon. Un autre roman arrivera en librairie en janvier 2017.<\/p>\n","protected":false},"excerpt":{"rendered":"<p>Je m&rsquo;appelle David Desgouilles, j&rsquo;ai 40 ans. Entre 1988 et 2002, j&rsquo;ai milit\u00e9 dans la mouvance r\u00e9publicaine et gaulliste notamment autour de Philippe S\u00e9guin, Charles Pasqua et Jean-Pierre Chev\u00e8nement. Je me tiens aujourd&rsquo;hui \u00e9loign\u00e9 de la politique \u00ab\u00a0op\u00e9rationnelle\u00a0\u00bb. Depuis le 24 d\u00e9cembre 2008, Causeur.fr m&rsquo;invite \u00e0 \u00e9crire dans un carnet politique \u00e0 la suite du [&hellip;]<\/p>\n","protected":false},"author":1940,"featured_media":0,"parent":0,"menu_order":0,"comment_status":"open","ping_status":"open","template":"","meta":{"footnotes":""},"class_list":["post-2003","page","type-page","status-publish"],"_links":{"self":[{"href":"https:\/\/blog.causeur.fr\/antidote\/wp-json\/wp\/v2\/pages\/2003","targetHints":{"allow":["GET"]}}],"collection":[{"href":"https:\/\/blog.causeur.fr\/antidote\/wp-json\/wp\/v2\/pages"}],"about":[{"href":"https:\/\/blog.causeur.fr\/antidote\/wp-json\/wp\/v2\/types\/page"}],"author":[{"embeddable":true,"href":"https:\/\/blog.causeur.fr\/antidote\/wp-json\/wp\/v2\/users\/1940"}],"replies":[{"embeddable":true,"href":"https:\/\/blog.causeur.fr\/antidote\/wp-json\/wp\/v2\/comments?post=2003"}],"version-history":[{"count":0,"href":"https:\/\/blog.causeur.fr\/antidote\/wp-json\/wp\/v2\/pages\/2003\/revisions"}],"wp:attachment":[{"href":"https:\/\/blog.causeur.fr\/antidote\/wp-json\/wp\/v2\/media?parent=2003"}],"curies":[{"name":"wp","href":"https:\/\/api.w.org\/{rel}","templated":true}]}}