{"id":2,"date":"2012-09-07T09:05:20","date_gmt":"2012-09-07T09:05:20","guid":{"rendered":"http:\/\/www.causeur.fr\/jean-paul-brighelli\/?page_id=2"},"modified":"2012-09-28T15:03:45","modified_gmt":"2012-09-28T15:03:45","slug":"presentation","status":"publish","type":"page","link":"https:\/\/blog.causeur.fr\/bonnetdane\/presentation","title":{"rendered":"Pr\u00e9sentation"},"content":{"rendered":"<p>Depuis\u00a0\u00ab\u00a0<em>la Fabrique du cr\u00e9tin\u00a0\u00bb<\/em>\u00a0(2005), rien n&rsquo;a chang\u00e9, sinon en pire. L&rsquo;\u00e9cole se meurt, mais l&rsquo;\u00e9cole n&rsquo;est pas morte. Partout se manifestent des oppositions \u00e0 la plus grande entreprise de destruction intellectuelle des temps modernes. Bonnet d&rsquo;\u00c2ne se veut le point d&rsquo;ancrage de cette r\u00e9sistance. Pour une vraie \u00e9cole de la R\u00e9publique, pour la transmission des savoirs, pour la culture. Pour les \u00e9l\u00e8ves. Pour demain.<\/p>\n","protected":false},"excerpt":{"rendered":"<p>Depuis\u00a0\u00ab\u00a0la Fabrique du cr\u00e9tin\u00a0\u00bb\u00a0(2005), rien n&rsquo;a chang\u00e9, sinon en pire. L&rsquo;\u00e9cole se meurt, mais l&rsquo;\u00e9cole n&rsquo;est pas morte. Partout se manifestent des oppositions \u00e0 la plus grande entreprise de destruction intellectuelle des temps modernes. Bonnet d&rsquo;\u00c2ne se veut le point d&rsquo;ancrage de cette r\u00e9sistance. Pour une vraie \u00e9cole de la R\u00e9publique, pour la transmission des [&hellip;]<\/p>\n","protected":false},"author":2923,"featured_media":0,"parent":0,"menu_order":0,"comment_status":"open","ping_status":"open","template":"","meta":{"footnotes":""},"class_list":["post-2","page","type-page","status-publish"],"_links":{"self":[{"href":"https:\/\/blog.causeur.fr\/bonnetdane\/wp-json\/wp\/v2\/pages\/2","targetHints":{"allow":["GET"]}}],"collection":[{"href":"https:\/\/blog.causeur.fr\/bonnetdane\/wp-json\/wp\/v2\/pages"}],"about":[{"href":"https:\/\/blog.causeur.fr\/bonnetdane\/wp-json\/wp\/v2\/types\/page"}],"author":[{"embeddable":true,"href":"https:\/\/blog.causeur.fr\/bonnetdane\/wp-json\/wp\/v2\/users\/2923"}],"replies":[{"embeddable":true,"href":"https:\/\/blog.causeur.fr\/bonnetdane\/wp-json\/wp\/v2\/comments?post=2"}],"version-history":[{"count":0,"href":"https:\/\/blog.causeur.fr\/bonnetdane\/wp-json\/wp\/v2\/pages\/2\/revisions"}],"wp:attachment":[{"href":"https:\/\/blog.causeur.fr\/bonnetdane\/wp-json\/wp\/v2\/media?parent=2"}],"curies":[{"name":"wp","href":"https:\/\/api.w.org\/{rel}","templated":true}]}}