{"id":5,"date":"2016-08-23T14:56:48","date_gmt":"2016-08-23T14:56:48","guid":{"rendered":"http:\/\/blog.causeur.fr\/lalanguedenosmaitres\/?page_id=5"},"modified":"2016-08-23T14:56:48","modified_gmt":"2016-08-23T14:56:48","slug":"presentation","status":"publish","type":"page","link":"https:\/\/blog.causeur.fr\/lavoixdenosmaitres\/presentation","title":{"rendered":"Pr\u00e9sentation"},"content":{"rendered":"<p>A les entendre, on croirait que les journalistes sont des obs\u00e9d\u00e9s du d\u00e9cryptage. En r\u00e9alit\u00e9, ils ne \u00ab d\u00e9cryptent \u00bb rien et surtout pas leur propre discours. Cousu de formules toutes faites et de mots pr\u00e9con\u00e7us jamais remis en cause, le discours m\u00e9diatique est un code de lecture du monde qui oriente fortement notre compr\u00e9hension de l\u2019actualit\u00e9. Plus exactement, les journalistes s\u2019emploient \u00e0 l\u2019orienter en vertu de ce qu\u2019ils consid\u00e8rent comme leur responsabilit\u00e9 morale, une \u00e9thique du bien qui leur fait parfois oublier jusqu\u2019\u00e0 l\u2019\u00e9thique du vrai, pourtant au c\u0153ur de leur profession. Notons que cette fonction du journaliste comme directeur de conscience n\u2019est pas toujours ouvertement assum\u00e9e, ainsi qu\u2019en t\u00e9moigne le mythe persistant de la neutralit\u00e9 journalistique, entretenu par les principaux int\u00e9ress\u00e9s. On ne saurait s\u2019\u00e9tonner, d\u00e8s lors, que la profession de journaliste soit de celles qui, selon de r\u00e9cents sondages, nous inspirent le moins confiance. Mais, il faut bien le reconna\u00eetre, m\u00eame ceux d\u2019entre nous qui rejettent de mani\u00e8re syst\u00e9matique et radicale le pr\u00e9-pens\u00e9 m\u00e9diatique se positionnent en r\u00e9alit\u00e9 par rapport \u00e0 lui. S\u2019il ne domine plus au sein de la population, ce discours reste n\u00e9anmoins porteur des th\u00e8ses officielles et surtout, de la morale officielle, avec ses dogmes intouchables et ses croyances irrationnelles qui d\u00e9finissent l\u2019esprit d\u2019une \u00e9poque, la n\u00f4tre : le bain id\u00e9ologique qui nous sied ou nous agace mais dont nous ne saurions nous extraire, puisqu\u2019il fa\u00e7onne jusqu\u2019\u00e0 notre vocabulaire. C\u2019est ce conditionnement par les mots que j\u2019ai mis en \u00e9vidence dans mon livre, la Langue des m\u00e9dias (L\u2019Artilleur, 2016), et que je me propose d\u2019examiner sur ce blog.<\/p>\n","protected":false},"excerpt":{"rendered":"<p>A les entendre, on croirait que les journalistes sont des obs\u00e9d\u00e9s du d\u00e9cryptage. En r\u00e9alit\u00e9, ils ne \u00ab d\u00e9cryptent \u00bb rien et surtout pas leur propre discours. Cousu de formules toutes faites et de mots pr\u00e9con\u00e7us jamais remis en cause, le discours m\u00e9diatique est un code de lecture du monde qui oriente fortement notre compr\u00e9hension [&hellip;]<\/p>\n","protected":false},"author":2923,"featured_media":0,"parent":0,"menu_order":0,"comment_status":"open","ping_status":"open","template":"","meta":{"footnotes":""},"class_list":["post-5","page","type-page","status-publish"],"_links":{"self":[{"href":"https:\/\/blog.causeur.fr\/lavoixdenosmaitres\/wp-json\/wp\/v2\/pages\/5","targetHints":{"allow":["GET"]}}],"collection":[{"href":"https:\/\/blog.causeur.fr\/lavoixdenosmaitres\/wp-json\/wp\/v2\/pages"}],"about":[{"href":"https:\/\/blog.causeur.fr\/lavoixdenosmaitres\/wp-json\/wp\/v2\/types\/page"}],"author":[{"embeddable":true,"href":"https:\/\/blog.causeur.fr\/lavoixdenosmaitres\/wp-json\/wp\/v2\/users\/2923"}],"replies":[{"embeddable":true,"href":"https:\/\/blog.causeur.fr\/lavoixdenosmaitres\/wp-json\/wp\/v2\/comments?post=5"}],"version-history":[{"count":0,"href":"https:\/\/blog.causeur.fr\/lavoixdenosmaitres\/wp-json\/wp\/v2\/pages\/5\/revisions"}],"wp:attachment":[{"href":"https:\/\/blog.causeur.fr\/lavoixdenosmaitres\/wp-json\/wp\/v2\/media?parent=5"}],"curies":[{"name":"wp","href":"https:\/\/api.w.org\/{rel}","templated":true}]}}